{"id":98,"date":"2021-12-18T11:25:31","date_gmt":"2021-12-18T10:25:31","guid":{"rendered":"https:\/\/test.cyberdef.org\/?page_id=98"},"modified":"2022-01-27T12:14:14","modified_gmt":"2022-01-27T11:14:14","slug":"conseils-et-informations","status":"publish","type":"page","link":"https:\/\/cyberdef.org\/index.php\/conseils-et-informations\/","title":{"rendered":"CONSEILS ET INFORMATIONS"},"content":{"rendered":"\t\t<div data-elementor-type=\"wp-page\" data-elementor-id=\"98\" class=\"elementor elementor-98\" data-elementor-settings=\"[]\">\n\t\t\t\t\t\t\t<div class=\"elementor-section-wrap\">\n\t\t\t\t\t\t\t<section class=\"elementor-section elementor-top-section elementor-element elementor-element-57e3a74 elementor-section-boxed elementor-section-height-default elementor-section-height-default\" data-id=\"57e3a74\" data-element_type=\"section\">\n\t\t\t\t\t\t<div class=\"elementor-container elementor-column-gap-default\">\n\t\t\t\t\t<div class=\"elementor-column elementor-col-100 elementor-top-column elementor-element elementor-element-a02e7eb\" data-id=\"a02e7eb\" data-element_type=\"column\">\n\t\t\t<div class=\"elementor-widget-wrap elementor-element-populated\">\n\t\t\t\t\t\t\t\t<div class=\"elementor-element elementor-element-e7ceed7 elementor-widget elementor-widget-text-editor\" data-id=\"e7ceed7\" data-element_type=\"widget\" data-widget_type=\"text-editor.default\">\n\t\t\t\t<div class=\"elementor-widget-container\">\n\t\t\t<style>\/*! elementor - v3.5.0 - 12-12-2021 *\/\n.elementor-widget-text-editor.elementor-drop-cap-view-stacked .elementor-drop-cap{background-color:#818a91;color:#fff}.elementor-widget-text-editor.elementor-drop-cap-view-framed .elementor-drop-cap{color:#818a91;border:3px solid;background-color:transparent}.elementor-widget-text-editor:not(.elementor-drop-cap-view-default) .elementor-drop-cap{margin-top:8px}.elementor-widget-text-editor:not(.elementor-drop-cap-view-default) .elementor-drop-cap-letter{width:1em;height:1em}.elementor-widget-text-editor .elementor-drop-cap{float:left;text-align:center;line-height:1;font-size:50px}.elementor-widget-text-editor .elementor-drop-cap-letter{display:inline-block}<\/style>\t\t\t\t<p>Alors qu&rsquo;Internet fait de plus en plus partie int\u00e9grante de notre vie quotidienne, les probl\u00e8mes relatifs \u00e0 la confidentialit\u00e9 et \u00e0 la s\u00e9curit\u00e9 sur Internet sont au c\u0153ur des discussions. Pr\u00e9server la s\u00e9curit\u00e9 de vos donn\u00e9es personnelles, priv\u00e9es et financi\u00e8res n&rsquo;est pas toujours \u00e9vident, mais en suivant quelques conseils de cyberdefense@datatech , vous pourrez \u00e9viter la grande majorit\u00e9 des arnaques, des logiciels espions et des atteintes \u00e0 la vie priv\u00e9e et a la confidentialit\u00e9 de vous donn\u00e9es.<\/p>\t\t\t\t\t\t<\/div>\n\t\t\t\t<\/div>\n\t\t\t\t\t<\/div>\n\t\t<\/div>\n\t\t\t\t\t\t\t<\/div>\n\t\t<\/section>\n\t\t\t\t\t\t<\/div>\n\t\t\t\t\t<\/div>\n\t\t","protected":false},"excerpt":{"rendered":"<p>Alors qu&rsquo;Internet fait de plus en plus partie int\u00e9grante de notre vie quotidienne, les probl\u00e8mes relatifs \u00e0 la confidentialit\u00e9 et \u00e0 la s\u00e9curit\u00e9 sur Internet sont au c\u0153ur des discussions. Pr\u00e9server la s\u00e9curit\u00e9 de vos donn\u00e9es personnelles, priv\u00e9es et financi\u00e8res n&rsquo;est pas toujours \u00e9vident, mais en suivant quelques conseils de cyberdefense@datatech , vous pourrez \u00e9viter&hellip; <br \/> <a class=\"read-more\" href=\"https:\/\/cyberdef.org\/index.php\/conseils-et-informations\/\">Lire la suite<\/a><\/p>\n","protected":false},"author":1,"featured_media":0,"parent":0,"menu_order":0,"comment_status":"closed","ping_status":"closed","template":"","meta":{"_monsterinsights_skip_tracking":false,"_monsterinsights_sitenote_active":false,"_monsterinsights_sitenote_note":"","_monsterinsights_sitenote_category":0},"yoast_head":"<!-- This site is optimized with the Yoast SEO plugin v17.8 - https:\/\/yoast.com\/wordpress\/plugins\/seo\/ -->\n<title>CONSEILS ET INFORMATIONS - CYBERDEFENSE@DATATECH<\/title>\n<meta name=\"robots\" content=\"index, follow, max-snippet:-1, max-image-preview:large, max-video-preview:-1\" \/>\n<link rel=\"canonical\" href=\"https:\/\/cyberdef.org\/index.php\/conseils-et-informations\/\" \/>\n<meta property=\"og:locale\" content=\"fr_FR\" \/>\n<meta property=\"og:type\" content=\"article\" \/>\n<meta property=\"og:title\" content=\"CONSEILS ET INFORMATIONS - CYBERDEFENSE@DATATECH\" \/>\n<meta property=\"og:description\" content=\"Alors qu&rsquo;Internet fait de plus en plus partie int\u00e9grante de notre vie quotidienne, les probl\u00e8mes relatifs \u00e0 la confidentialit\u00e9 et \u00e0 la s\u00e9curit\u00e9 sur Internet sont au c\u0153ur des discussions. Pr\u00e9server la s\u00e9curit\u00e9 de vos donn\u00e9es personnelles, priv\u00e9es et financi\u00e8res n&rsquo;est pas toujours \u00e9vident, mais en suivant quelques conseils de cyberdefense@datatech , vous pourrez \u00e9viter&hellip; Lire la suite\" \/>\n<meta property=\"og:url\" content=\"https:\/\/cyberdef.org\/index.php\/conseils-et-informations\/\" \/>\n<meta property=\"og:site_name\" content=\"CYBERDEFENSE@DATATECH\" \/>\n<meta property=\"article:modified_time\" content=\"2022-01-27T11:14:14+00:00\" \/>\n<meta name=\"twitter:card\" content=\"summary_large_image\" \/>\n<meta name=\"twitter:label1\" content=\"Dur\u00e9e de lecture estim\u00e9e\" \/>\n\t<meta name=\"twitter:data1\" content=\"1 minute\" \/>\n<script type=\"application\/ld+json\" class=\"yoast-schema-graph\">{\"@context\":\"https:\/\/schema.org\",\"@graph\":[{\"@type\":\"WebSite\",\"@id\":\"https:\/\/cyberdef.org\/#website\",\"url\":\"https:\/\/cyberdef.org\/\",\"name\":\"CYBERDEFENSE@DATATECH\",\"description\":\"\",\"potentialAction\":[{\"@type\":\"SearchAction\",\"target\":{\"@type\":\"EntryPoint\",\"urlTemplate\":\"https:\/\/cyberdef.org\/?s={search_term_string}\"},\"query-input\":\"required name=search_term_string\"}],\"inLanguage\":\"fr-FR\"},{\"@type\":\"WebPage\",\"@id\":\"https:\/\/cyberdef.org\/index.php\/conseils-et-informations\/#webpage\",\"url\":\"https:\/\/cyberdef.org\/index.php\/conseils-et-informations\/\",\"name\":\"CONSEILS ET INFORMATIONS - CYBERDEFENSE@DATATECH\",\"isPartOf\":{\"@id\":\"https:\/\/cyberdef.org\/#website\"},\"datePublished\":\"2021-12-18T10:25:31+00:00\",\"dateModified\":\"2022-01-27T11:14:14+00:00\",\"breadcrumb\":{\"@id\":\"https:\/\/cyberdef.org\/index.php\/conseils-et-informations\/#breadcrumb\"},\"inLanguage\":\"fr-FR\",\"potentialAction\":[{\"@type\":\"ReadAction\",\"target\":[\"https:\/\/cyberdef.org\/index.php\/conseils-et-informations\/\"]}]},{\"@type\":\"BreadcrumbList\",\"@id\":\"https:\/\/cyberdef.org\/index.php\/conseils-et-informations\/#breadcrumb\",\"itemListElement\":[{\"@type\":\"ListItem\",\"position\":1,\"name\":\"Accueil\",\"item\":\"https:\/\/cyberdef.org\/\"},{\"@type\":\"ListItem\",\"position\":2,\"name\":\"CONSEILS ET INFORMATIONS\"}]}]}<\/script>\n<!-- \/ Yoast SEO plugin. -->","yoast_head_json":{"title":"CONSEILS ET INFORMATIONS - CYBERDEFENSE@DATATECH","robots":{"index":"index","follow":"follow","max-snippet":"max-snippet:-1","max-image-preview":"max-image-preview:large","max-video-preview":"max-video-preview:-1"},"canonical":"https:\/\/cyberdef.org\/index.php\/conseils-et-informations\/","og_locale":"fr_FR","og_type":"article","og_title":"CONSEILS ET INFORMATIONS - CYBERDEFENSE@DATATECH","og_description":"Alors qu&rsquo;Internet fait de plus en plus partie int\u00e9grante de notre vie quotidienne, les probl\u00e8mes relatifs \u00e0 la confidentialit\u00e9 et \u00e0 la s\u00e9curit\u00e9 sur Internet sont au c\u0153ur des discussions. Pr\u00e9server la s\u00e9curit\u00e9 de vos donn\u00e9es personnelles, priv\u00e9es et financi\u00e8res n&rsquo;est pas toujours \u00e9vident, mais en suivant quelques conseils de cyberdefense@datatech , vous pourrez \u00e9viter&hellip; Lire la suite","og_url":"https:\/\/cyberdef.org\/index.php\/conseils-et-informations\/","og_site_name":"CYBERDEFENSE@DATATECH","article_modified_time":"2022-01-27T11:14:14+00:00","twitter_card":"summary_large_image","twitter_misc":{"Dur\u00e9e de lecture estim\u00e9e":"1 minute"},"schema":{"@context":"https:\/\/schema.org","@graph":[{"@type":"WebSite","@id":"https:\/\/cyberdef.org\/#website","url":"https:\/\/cyberdef.org\/","name":"CYBERDEFENSE@DATATECH","description":"","potentialAction":[{"@type":"SearchAction","target":{"@type":"EntryPoint","urlTemplate":"https:\/\/cyberdef.org\/?s={search_term_string}"},"query-input":"required name=search_term_string"}],"inLanguage":"fr-FR"},{"@type":"WebPage","@id":"https:\/\/cyberdef.org\/index.php\/conseils-et-informations\/#webpage","url":"https:\/\/cyberdef.org\/index.php\/conseils-et-informations\/","name":"CONSEILS ET INFORMATIONS - CYBERDEFENSE@DATATECH","isPartOf":{"@id":"https:\/\/cyberdef.org\/#website"},"datePublished":"2021-12-18T10:25:31+00:00","dateModified":"2022-01-27T11:14:14+00:00","breadcrumb":{"@id":"https:\/\/cyberdef.org\/index.php\/conseils-et-informations\/#breadcrumb"},"inLanguage":"fr-FR","potentialAction":[{"@type":"ReadAction","target":["https:\/\/cyberdef.org\/index.php\/conseils-et-informations\/"]}]},{"@type":"BreadcrumbList","@id":"https:\/\/cyberdef.org\/index.php\/conseils-et-informations\/#breadcrumb","itemListElement":[{"@type":"ListItem","position":1,"name":"Accueil","item":"https:\/\/cyberdef.org\/"},{"@type":"ListItem","position":2,"name":"CONSEILS ET INFORMATIONS"}]}]}},"_links":{"self":[{"href":"https:\/\/cyberdef.org\/index.php\/wp-json\/wp\/v2\/pages\/98"}],"collection":[{"href":"https:\/\/cyberdef.org\/index.php\/wp-json\/wp\/v2\/pages"}],"about":[{"href":"https:\/\/cyberdef.org\/index.php\/wp-json\/wp\/v2\/types\/page"}],"author":[{"embeddable":true,"href":"https:\/\/cyberdef.org\/index.php\/wp-json\/wp\/v2\/users\/1"}],"replies":[{"embeddable":true,"href":"https:\/\/cyberdef.org\/index.php\/wp-json\/wp\/v2\/comments?post=98"}],"version-history":[{"count":7,"href":"https:\/\/cyberdef.org\/index.php\/wp-json\/wp\/v2\/pages\/98\/revisions"}],"predecessor-version":[{"id":211,"href":"https:\/\/cyberdef.org\/index.php\/wp-json\/wp\/v2\/pages\/98\/revisions\/211"}],"wp:attachment":[{"href":"https:\/\/cyberdef.org\/index.php\/wp-json\/wp\/v2\/media?parent=98"}],"curies":[{"name":"wp","href":"https:\/\/api.w.org\/{rel}","templated":true}]}}